{"id":1849,"date":"2020-03-03T10:14:33","date_gmt":"2020-03-03T07:14:33","guid":{"rendered":"https:\/\/mesutgrup.com.tr\/?page_id=1849"},"modified":"2023-03-07T09:47:45","modified_gmt":"2023-03-07T09:47:45","slug":"mg-audio","status":"publish","type":"page","link":"https:\/\/www.mesutgrup.com.tr\/?page_id=1849","title":{"rendered":"MG Audio"},"content":{"rendered":"\n<div class=\"wp-block-file\"><a id=\"wp-block-file--media-8165b7dc-d2b1-4add-aec9-17394ce7365e\" href=\"https:\/\/mesutgrup.com.tr\/wp-content\/uploads\/2020\/03\/MG-.3000DVR.pdf\">MG-3000DVR<\/a><a href=\"https:\/\/mesutgrup.com.tr\/wp-content\/uploads\/2020\/03\/MG-.3000DVR.pdf\" class=\"wp-block-file__button\" download aria-describedby=\"wp-block-file--media-8165b7dc-d2b1-4add-aec9-17394ce7365e\">\u0130ndir<\/a><\/div>\n\n\n\n<div class=\"wp-block-file\"><a id=\"wp-block-file--media-96510a9b-f6e8-4043-80b4-b65a2a8e84bc\" href=\"https:\/\/mesutgrup.com.tr\/wp-content\/uploads\/2020\/03\/R7-Kullan\u0131m-Klavuzu.pdf\">R7 \u015eerit Takip Sistemi<\/a><a href=\"https:\/\/mesutgrup.com.tr\/wp-content\/uploads\/2020\/03\/R7-Kullan\u0131m-Klavuzu.pdf\" class=\"wp-block-file__button\" download aria-describedby=\"wp-block-file--media-96510a9b-f6e8-4043-80b4-b65a2a8e84bc\">\u0130ndir<\/a><\/div>\n\n\n\n<div class=\"wp-block-file\"><a id=\"wp-block-file--media-2fc3dbb6-c098-4906-b27c-bc7e505b3a25\" href=\"https:\/\/www.mesutgrup.com.tr\/wp-content\/uploads\/2021\/04\/MG-710A-Kullanim-Klavuzu.pdf\">MG-710A<\/a><a href=\"https:\/\/www.mesutgrup.com.tr\/wp-content\/uploads\/2021\/04\/MG-710A-Kullanim-Klavuzu.pdf\" class=\"wp-block-file__button\" download aria-describedby=\"wp-block-file--media-2fc3dbb6-c098-4906-b27c-bc7e505b3a25\">\u0130ndir<\/a><\/div>\n\n\n\n<div class=\"wp-block-file\"><a id=\"wp-block-file--media-dfa0e933-a3cc-49a6-bbee-9f796665ff96\" href=\"https:\/\/mesutgrup.com.tr\/wp-content\/uploads\/2020\/03\/MG-300BT.pdf\">MG-300BT<\/a><a href=\"https:\/\/mesutgrup.com.tr\/wp-content\/uploads\/2020\/03\/MG-300BT.pdf\" class=\"wp-block-file__button\" download aria-describedby=\"wp-block-file--media-dfa0e933-a3cc-49a6-bbee-9f796665ff96\">\u0130ndir<\/a><\/div>\n\n\n\n<div class=\"wp-block-file\"><a id=\"wp-block-file--media-981a6613-6d2b-47a3-a060-cb030a2a31e2\" href=\"https:\/\/www.mesutgrup.com.tr\/wp-content\/uploads\/2021\/04\/CL-1018A.pdf\">CL-1018A<\/a><a href=\"https:\/\/www.mesutgrup.com.tr\/wp-content\/uploads\/2021\/04\/CL-1018A.pdf\" class=\"wp-block-file__button\" download aria-describedby=\"wp-block-file--media-981a6613-6d2b-47a3-a060-cb030a2a31e2\">\u0130ndir<\/a><\/div>\n\n\n\n<div class=\"wp-block-file\"><a id=\"wp-block-file--media-61cd38dc-e94c-42c3-9c2f-605e64d49722\" href=\"https:\/\/www.mesutgrup.com.tr\/wp-content\/uploads\/2021\/04\/156BM-Kullanim-Klavuzu.pdf\">MG-156BM<\/a><a href=\"https:\/\/www.mesutgrup.com.tr\/wp-content\/uploads\/2021\/04\/156BM-Kullanim-Klavuzu.pdf\" class=\"wp-block-file__button\" download aria-describedby=\"wp-block-file--media-61cd38dc-e94c-42c3-9c2f-605e64d49722\">\u0130ndir<\/a><\/div>\n\n\n\n<div class=\"wp-block-file\"><a id=\"wp-block-file--media-5f0b8d39-a307-4dc8-8723-58021fc479ca\" href=\"https:\/\/www.mesutgrup.com.tr\/wp-content\/uploads\/2021\/04\/Mg-181-Tavan-Asma-Tip-Monitor.pdf\">Mg-181<\/a><a href=\"https:\/\/www.mesutgrup.com.tr\/wp-content\/uploads\/2021\/04\/Mg-181-Tavan-Asma-Tip-Monitor.pdf\" class=\"wp-block-file__button\" download aria-describedby=\"wp-block-file--media-5f0b8d39-a307-4dc8-8723-58021fc479ca\">\u0130ndir<\/a><\/div>\n\n\n\n<div class=\"wp-block-file\"><a id=\"wp-block-file--media-7570038d-44da-4186-aa80-4303a52c671d\" href=\"https:\/\/www.mesutgrup.com.tr\/wp-content\/uploads\/2021\/04\/MG-UN01-kullanim-klavuzu.pdf\">MG-UN01<\/a><a href=\"https:\/\/www.mesutgrup.com.tr\/wp-content\/uploads\/2021\/04\/MG-UN01-kullanim-klavuzu.pdf\" class=\"wp-block-file__button\" download aria-describedby=\"wp-block-file--media-7570038d-44da-4186-aa80-4303a52c671d\">\u0130ndir<\/a><\/div>\n\n\n\n<div class=\"wp-block-file\"><a id=\"wp-block-file--media-3e2195f5-69ad-4a73-bcff-f5731705789a\" href=\"https:\/\/www.mesutgrup.com.tr\/wp-content\/uploads\/2021\/04\/MG-VW01-Kullanim-klavuzu.pdf\">MG-VW01<\/a><a href=\"https:\/\/www.mesutgrup.com.tr\/wp-content\/uploads\/2021\/04\/MG-VW01-Kullanim-klavuzu.pdf\" class=\"wp-block-file__button\" download aria-describedby=\"wp-block-file--media-3e2195f5-69ad-4a73-bcff-f5731705789a\">\u0130ndir<\/a><\/div>\n\n\n\n<div class=\"wp-block-file\"><a id=\"wp-block-file--media-3e2195f5-69ad-4a73-bcff-f5731705789a\" href=\"https:\/\/www.mesutgrup.com.tr\/wp-content\/uploads\/2023\/03\/privacy_policy_en-2.html\">MG Audio Privacy Policy<\/a><a href=\"https:\/\/www.mesutgrup.com.tr\/wp-content\/uploads\/2023\/03\/privacy_policy_en-2.html\" class=\"wp-block-file__button\" download aria-describedby=\"wp-block-file--media-3e2195f5-69ad-4a73-bcff-f5731705789a\">\u0130ndir<\/a><\/div>\n","protected":false},"excerpt":{"rendered":"MG-3000DVR\u0130ndir R7 \u015eerit Takip Sistemi\u0130ndir MG-710A\u0130ndir MG-300BT\u0130ndir CL-1018A\u0130ndir MG-156BM\u0130ndir Mg-181\u0130ndir MG-UN01\u0130ndir MG-VW01\u0130ndir MG Audio Privacy Policy\u0130ndir","protected":false},"author":1,"featured_media":0,"parent":0,"menu_order":0,"comment_status":"closed","ping_status":"closed","template":"","meta":{"footnotes":""},"class_list":["post-1849","page","type-page","status-publish","hentry"],"_links":{"self":[{"href":"https:\/\/www.mesutgrup.com.tr\/index.php?rest_route=\/wp\/v2\/pages\/1849","targetHints":{"allow":["GET"]}}],"collection":[{"href":"https:\/\/www.mesutgrup.com.tr\/index.php?rest_route=\/wp\/v2\/pages"}],"about":[{"href":"https:\/\/www.mesutgrup.com.tr\/index.php?rest_route=\/wp\/v2\/types\/page"}],"author":[{"embeddable":true,"href":"https:\/\/www.mesutgrup.com.tr\/index.php?rest_route=\/wp\/v2\/users\/1"}],"replies":[{"embeddable":true,"href":"https:\/\/www.mesutgrup.com.tr\/index.php?rest_route=%2Fwp%2Fv2%2Fcomments&post=1849"}],"version-history":[{"count":5,"href":"https:\/\/www.mesutgrup.com.tr\/index.php?rest_route=\/wp\/v2\/pages\/1849\/revisions"}],"predecessor-version":[{"id":2267,"href":"https:\/\/www.mesutgrup.com.tr\/index.php?rest_route=\/wp\/v2\/pages\/1849\/revisions\/2267"}],"wp:attachment":[{"href":"https:\/\/www.mesutgrup.com.tr\/index.php?rest_route=%2Fwp%2Fv2%2Fmedia&parent=1849"}],"curies":[{"name":"wp","href":"https:\/\/api.w.org\/{rel}","templated":true}]}}