{"id":1846,"date":"2020-03-03T10:14:33","date_gmt":"2020-03-03T07:14:33","guid":{"rendered":"https:\/\/mesutgrup.com.tr\/?page_id=1846"},"modified":"2023-01-25T09:54:18","modified_gmt":"2023-01-25T09:54:18","slug":"alpine","status":"publish","type":"page","link":"https:\/\/www.mesutgrup.com.tr\/?page_id=1846","title":{"rendered":"Alpine"},"content":{"rendered":"\n<div class=\"wp-block-file\"><a id=\"wp-block-file--media-c3afea74-a06a-4c06-aabb-0beb2fb7fab0\" href=\"https:\/\/mesutgrup.com.tr\/wp-content\/uploads\/2020\/03\/DVR-F800PRO-Tu\u0308rkc\u0327e-1.pdf\">DVR-F800PRO<\/a><a href=\"https:\/\/mesutgrup.com.tr\/wp-content\/uploads\/2020\/03\/DVR-F800PRO-Tu\u0308rkc\u0327e-1.pdf\" class=\"wp-block-file__button\" download aria-describedby=\"wp-block-file--media-c3afea74-a06a-4c06-aabb-0beb2fb7fab0\">\u0130ndir<\/a><\/div>\n\n\n\n<div class=\"wp-block-file\"><a id=\"wp-block-file--media-c3afea74-a06a-4c06-aabb-0beb2fb7fab0\" href=\"https:\/\/www.mesutgrup.com.tr\/wp-content\/uploads\/2023\/01\/ILX-705D_905D_115D-Turkce-_1_.html\">ILX-705D_905D_115D-Turkce-_1_<\/a><a href=\"https:\/\/www.mesutgrup.com.tr\/wp-content\/uploads\/2023\/01\/ILX-705D_905D_115D-Turkce-_1_.html\" class=\"wp-block-file__button\" download aria-describedby=\"wp-block-file--media-c3afea74-a06a-4c06-aabb-0beb2fb7fab0\">\u0130ndir<\/a><\/div>\n\n\n\n<div class=\"wp-block-file\"><a id=\"wp-block-file--media-540a638b-5a1b-44be-98d2-00fc2c4694f3\" href=\"https:\/\/mesutgrup.com.tr\/wp-content\/uploads\/2020\/03\/iLX-W650BT-Tu\u0308rkc\u0327e-BC.pdf\">ILX-W650BT<\/a><a href=\"https:\/\/mesutgrup.com.tr\/wp-content\/uploads\/2020\/03\/iLX-W650BT-Tu\u0308rkc\u0327e-BC.pdf\" class=\"wp-block-file__button\" download aria-describedby=\"wp-block-file--media-540a638b-5a1b-44be-98d2-00fc2c4694f3\">\u0130ndir<\/a><\/div>\n\n\n\n<div class=\"wp-block-file\"><a id=\"wp-block-file--media-37e595a7-3165-4cde-93a5-5d0a07ffdb24\" href=\"https:\/\/mesutgrup.com.tr\/wp-content\/uploads\/2020\/03\/CDE-203BT-CDE-201R-UTE-200BT-Tu\u0308rkc\u0327e-BC.pdf\">CDE-203BT-CDE-201R-UTE-200BT<\/a><a href=\"https:\/\/mesutgrup.com.tr\/wp-content\/uploads\/2020\/03\/CDE-203BT-CDE-201R-UTE-200BT-Tu\u0308rkc\u0327e-BC.pdf\" class=\"wp-block-file__button\" download aria-describedby=\"wp-block-file--media-37e595a7-3165-4cde-93a5-5d0a07ffdb24\">\u0130ndir<\/a><\/div>\n","protected":false},"excerpt":{"rendered":"DVR-F800PRO\u0130ndir ILX-705D_905D_115D-Turkce-_1_\u0130ndir ILX-W650BT\u0130ndir CDE-203BT-CDE-201R-UTE-200BT\u0130ndir","protected":false},"author":1,"featured_media":0,"parent":0,"menu_order":0,"comment_status":"closed","ping_status":"closed","template":"","meta":{"footnotes":""},"class_list":["post-1846","page","type-page","status-publish","hentry"],"_links":{"self":[{"href":"https:\/\/www.mesutgrup.com.tr\/index.php?rest_route=\/wp\/v2\/pages\/1846","targetHints":{"allow":["GET"]}}],"collection":[{"href":"https:\/\/www.mesutgrup.com.tr\/index.php?rest_route=\/wp\/v2\/pages"}],"about":[{"href":"https:\/\/www.mesutgrup.com.tr\/index.php?rest_route=\/wp\/v2\/types\/page"}],"author":[{"embeddable":true,"href":"https:\/\/www.mesutgrup.com.tr\/index.php?rest_route=\/wp\/v2\/users\/1"}],"replies":[{"embeddable":true,"href":"https:\/\/www.mesutgrup.com.tr\/index.php?rest_route=%2Fwp%2Fv2%2Fcomments&post=1846"}],"version-history":[{"count":5,"href":"https:\/\/www.mesutgrup.com.tr\/index.php?rest_route=\/wp\/v2\/pages\/1846\/revisions"}],"predecessor-version":[{"id":2263,"href":"https:\/\/www.mesutgrup.com.tr\/index.php?rest_route=\/wp\/v2\/pages\/1846\/revisions\/2263"}],"wp:attachment":[{"href":"https:\/\/www.mesutgrup.com.tr\/index.php?rest_route=%2Fwp%2Fv2%2Fmedia&parent=1846"}],"curies":[{"name":"wp","href":"https:\/\/api.w.org\/{rel}","templated":true}]}}